{"id":3,"date":"2025-05-06T14:57:49","date_gmt":"2025-05-06T14:57:49","guid":{"rendered":"http:\/\/always4d.com.br\/?page_id=3"},"modified":"2025-05-07T14:40:07","modified_gmt":"2025-05-07T14:40:07","slug":"privacy-policy","status":"publish","type":"page","link":"https:\/\/always4d.com.br\/en\/privacy-policy\/","title":{"rendered":"Privacy Policy"},"content":{"rendered":"<h1 class=\"wp-block-heading\"><\/h1>\n\n\n\n<h3 class=\"wp-block-heading\">Quem somos<\/h3>\n\n\n\n<p>O endere\u00e7o do nosso site \u00e9: <a class=\"\" href=\"https:\/\/always4d.com.br\/en\/\">https:\/\/always4d.com.br<\/a>.<br>A Always4D \u00e9 uma produtora especializada em anima\u00e7\u00f5es 3D para arquitetura, interiores e incorpora\u00e7\u00e3o.<\/p>\n\n\n\n<hr class=\"wp-block-separator has-alpha-channel-opacity\"\/>\n\n\n\n<h3 class=\"wp-block-heading\">Coment\u00e1rios<\/h3>\n\n\n\n<p>Quando os visitantes deixam coment\u00e1rios no site, coletamos os dados exibidos no formul\u00e1rio de coment\u00e1rios, al\u00e9m do endere\u00e7o IP do visitante e dados do navegador para ajudar na detec\u00e7\u00e3o de spam.<\/p>\n\n\n\n<p>Uma sequ\u00eancia an\u00f4nima criada a partir do seu e-mail (chamada de hash) pode ser enviada ao servi\u00e7o Gravatar para verificar se voc\u00ea o utiliza. A pol\u00edtica de privacidade do Gravatar est\u00e1 dispon\u00edvel em: <a class=\"\" href=\"https:\/\/automattic.com\/privacy\">https:\/\/automattic.com\/privacy<\/a>. Ap\u00f3s a aprova\u00e7\u00e3o do coment\u00e1rio, sua foto de perfil ficar\u00e1 vis\u00edvel publicamente.<\/p>\n\n\n\n<hr class=\"wp-block-separator has-alpha-channel-opacity\"\/>\n\n\n\n<h3 class=\"wp-block-heading\">M\u00eddia<\/h3>\n\n\n\n<p>Se voc\u00ea enviar imagens para o site, evite enviar imagens com dados de localiza\u00e7\u00e3o incorporados (EXIF GPS). Visitantes podem baixar e extrair esses dados das imagens.<\/p>\n\n\n\n<hr class=\"wp-block-separator has-alpha-channel-opacity\"\/>\n\n\n\n<h3 class=\"wp-block-heading\">Cookies<\/h3>\n\n\n\n<p>Se voc\u00ea deixar um coment\u00e1rio em nosso site, poder\u00e1 optar por salvar seu nome, e-mail e site em cookies. Isso \u00e9 para sua conveni\u00eancia, para n\u00e3o precisar preencher esses dados novamente. Esses cookies duram um ano.<\/p>\n\n\n\n<p>Ao visitar nossa p\u00e1gina de login, um cookie tempor\u00e1rio ser\u00e1 criado para verificar se seu navegador aceita cookies. Ele n\u00e3o cont\u00e9m dados pessoais e ser\u00e1 descartado ao fechar o navegador.<\/p>\n\n\n\n<p>Ao fazer login, criaremos cookies para salvar suas informa\u00e7\u00f5es de acesso e prefer\u00eancias de tela. Cookies de login duram dois dias e de op\u00e7\u00f5es de tela, um ano. Ao selecionar &#8220;Lembrar-me&#8221;, seu login persistir\u00e1 por duas semanas. Ao sair da conta, os cookies de login ser\u00e3o removidos.<\/p>\n\n\n\n<p>Se voc\u00ea editar ou publicar um conte\u00fado, um cookie adicional ser\u00e1 salvo no seu navegador, indicando o ID do conte\u00fado. Ele expira em 1 dia.<\/p>\n\n\n\n<hr class=\"wp-block-separator has-alpha-channel-opacity\"\/>\n\n\n\n<h3 class=\"wp-block-heading\">Conte\u00fado incorporado de outros sites<\/h3>\n\n\n\n<p>Artigos neste site podem incluir conte\u00fado incorporado (como v\u00eddeos, imagens, artigos etc.). Esse conte\u00fado se comporta como se o visitante tivesse acessado o site de origem.<\/p>\n\n\n\n<p>Esses sites podem coletar dados sobre voc\u00ea, usar cookies, incorporar rastreamento adicional de terceiros e monitorar sua intera\u00e7\u00e3o com o conte\u00fado incorporado, especialmente se voc\u00ea tiver uma conta e estiver logado nesses sites.<\/p>\n\n\n\n<hr class=\"wp-block-separator has-alpha-channel-opacity\"\/>\n\n\n\n<h3 class=\"wp-block-heading\">Com quem compartilhamos seus dados<\/h3>\n\n\n\n<p>Se voc\u00ea solicitar uma redefini\u00e7\u00e3o de senha, seu endere\u00e7o IP ser\u00e1 inclu\u00eddo no e-mail de redefini\u00e7\u00e3o.<\/p>\n\n\n\n<hr class=\"wp-block-separator has-alpha-channel-opacity\"\/>\n\n\n\n<h3 class=\"wp-block-heading\">Por quanto tempo retemos seus dados<\/h3>\n\n\n\n<p>Se voc\u00ea deixar um coment\u00e1rio, ele e seus metadados s\u00e3o retidos indefinidamente. Isso \u00e9 para reconhecer e aprovar coment\u00e1rios futuros automaticamente.<\/p>\n\n\n\n<p>Para usu\u00e1rios que se registram em nosso site (se houver), armazenamos as informa\u00e7\u00f5es pessoais fornecidas em seu perfil. Todos os usu\u00e1rios podem ver, editar ou excluir suas informa\u00e7\u00f5es pessoais a qualquer momento (exceto seu nome de usu\u00e1rio). Administradores do site tamb\u00e9m podem visualizar e editar essas informa\u00e7\u00f5es.<\/p>\n\n\n\n<hr class=\"wp-block-separator has-alpha-channel-opacity\"\/>\n\n\n\n<h3 class=\"wp-block-heading\">Quais direitos voc\u00ea tem sobre seus dados<\/h3>\n\n\n\n<p>Se voc\u00ea tem uma conta neste site ou deixou coment\u00e1rios, pode solicitar um arquivo exportado com os dados pessoais que temos sobre voc\u00ea. Tamb\u00e9m pode pedir a exclus\u00e3o desses dados, exceto os que somos obrigados a manter por motivos legais, administrativos ou de seguran\u00e7a.<\/p>\n\n\n\n<hr class=\"wp-block-separator has-alpha-channel-opacity\"\/>\n\n\n\n<h3 class=\"wp-block-heading\">Para onde seus dados s\u00e3o enviados<\/h3>\n\n\n\n<p>Coment\u00e1rios de visitantes podem ser verificados por um servi\u00e7o autom\u00e1tico de detec\u00e7\u00e3o de spam.<\/p>\n\n\n\n<p><\/p>","protected":false},"excerpt":{"rendered":"<p>Quem somos O endere\u00e7o do nosso site \u00e9: https:\/\/always4d.com.br.A Always4D \u00e9 uma produtora especializada em anima\u00e7\u00f5es 3D para arquitetura, interiores e incorpora\u00e7\u00e3o. Coment\u00e1rios Quando os visitantes deixam coment\u00e1rios no site, coletamos os dados exibidos no formul\u00e1rio de coment\u00e1rios, al\u00e9m do endere\u00e7o IP do visitante e dados do navegador para ajudar na detec\u00e7\u00e3o de spam. Uma [&hellip;]<\/p>","protected":false},"author":1,"featured_media":0,"parent":0,"menu_order":0,"comment_status":"closed","ping_status":"open","template":"","meta":{"footnotes":""},"class_list":["post-3","page","type-page","status-publish","hentry"],"yoast_head":"<!-- This site is optimized with the Yoast SEO plugin v25.0 - https:\/\/yoast.com\/wordpress\/plugins\/seo\/ -->\n<title>Pol\u00edtica de Privacidade - always4d<\/title>\n<meta name=\"robots\" content=\"index, follow, max-snippet:-1, max-image-preview:large, max-video-preview:-1\" \/>\n<link rel=\"canonical\" href=\"https:\/\/always4d.com.br\/en\/privacy-policy\/\" \/>\n<meta property=\"og:locale\" content=\"en_US\" \/>\n<meta property=\"og:type\" content=\"article\" \/>\n<meta property=\"og:title\" content=\"Pol\u00edtica de Privacidade - always4d\" \/>\n<meta property=\"og:description\" content=\"Quem somos O endere\u00e7o do nosso site \u00e9: https:\/\/always4d.com.br.A Always4D \u00e9 uma produtora especializada em anima\u00e7\u00f5es 3D para arquitetura, interiores e incorpora\u00e7\u00e3o. Coment\u00e1rios Quando os visitantes deixam coment\u00e1rios no site, coletamos os dados exibidos no formul\u00e1rio de coment\u00e1rios, al\u00e9m do endere\u00e7o IP do visitante e dados do navegador para ajudar na detec\u00e7\u00e3o de spam. Uma [&hellip;]\" \/>\n<meta property=\"og:url\" content=\"https:\/\/always4d.com.br\/en\/privacy-policy\/\" \/>\n<meta property=\"og:site_name\" content=\"always4d\" \/>\n<meta property=\"article:modified_time\" content=\"2025-05-07T14:40:07+00:00\" \/>\n<meta name=\"twitter:card\" content=\"summary_large_image\" \/>\n<meta name=\"twitter:label1\" content=\"Est. reading time\" \/>\n\t<meta name=\"twitter:data1\" content=\"3 minutes\" \/>\n<script type=\"application\/ld+json\" class=\"yoast-schema-graph\">{\"@context\":\"https:\/\/schema.org\",\"@graph\":[{\"@type\":\"WebPage\",\"@id\":\"https:\/\/always4d.com.br\/privacy-policy\/\",\"url\":\"https:\/\/always4d.com.br\/privacy-policy\/\",\"name\":\"Pol\u00edtica de Privacidade - always4d\",\"isPartOf\":{\"@id\":\"https:\/\/always4d.com.br\/#website\"},\"datePublished\":\"2025-05-06T14:57:49+00:00\",\"dateModified\":\"2025-05-07T14:40:07+00:00\",\"breadcrumb\":{\"@id\":\"https:\/\/always4d.com.br\/privacy-policy\/#breadcrumb\"},\"inLanguage\":\"en-US\",\"potentialAction\":[{\"@type\":\"ReadAction\",\"target\":[\"https:\/\/always4d.com.br\/privacy-policy\/\"]}]},{\"@type\":\"BreadcrumbList\",\"@id\":\"https:\/\/always4d.com.br\/privacy-policy\/#breadcrumb\",\"itemListElement\":[{\"@type\":\"ListItem\",\"position\":1,\"name\":\"In\u00edcio\",\"item\":\"https:\/\/always4d.com.br\/\"},{\"@type\":\"ListItem\",\"position\":2,\"name\":\"Pol\u00edtica de Privacidade\"}]},{\"@type\":\"WebSite\",\"@id\":\"https:\/\/always4d.com.br\/#website\",\"url\":\"https:\/\/always4d.com.br\/\",\"name\":\"always4d\",\"description\":\"\",\"publisher\":{\"@id\":\"https:\/\/always4d.com.br\/#organization\"},\"potentialAction\":[{\"@type\":\"SearchAction\",\"target\":{\"@type\":\"EntryPoint\",\"urlTemplate\":\"https:\/\/always4d.com.br\/?s={search_term_string}\"},\"query-input\":{\"@type\":\"PropertyValueSpecification\",\"valueRequired\":true,\"valueName\":\"search_term_string\"}}],\"inLanguage\":\"en-US\"},{\"@type\":\"Organization\",\"@id\":\"https:\/\/always4d.com.br\/#organization\",\"name\":\"always4d\",\"url\":\"https:\/\/always4d.com.br\/\",\"logo\":{\"@type\":\"ImageObject\",\"inLanguage\":\"en-US\",\"@id\":\"https:\/\/always4d.com.br\/#\/schema\/logo\/image\/\",\"url\":\"https:\/\/always4d.com.br\/wp-content\/uploads\/2025\/05\/LOGO-ALWAYS4D-HEAD-01.png\",\"contentUrl\":\"https:\/\/always4d.com.br\/wp-content\/uploads\/2025\/05\/LOGO-ALWAYS4D-HEAD-01.png\",\"width\":150,\"height\":129,\"caption\":\"always4d\"},\"image\":{\"@id\":\"https:\/\/always4d.com.br\/#\/schema\/logo\/image\/\"},\"sameAs\":[\"https:\/\/www.instagram.com\/always4d.anima\/\",\"https:\/\/www.linkedin.com\/company\/107317896\/admin\/dashboard\/\",\"https:\/\/www.youtube.com\/@always4d\"]}]}<\/script>\n<!-- \/ Yoast SEO plugin. -->","yoast_head_json":{"title":"Pol\u00edtica de Privacidade - always4d","robots":{"index":"index","follow":"follow","max-snippet":"max-snippet:-1","max-image-preview":"max-image-preview:large","max-video-preview":"max-video-preview:-1"},"canonical":"https:\/\/always4d.com.br\/en\/privacy-policy\/","og_locale":"en_US","og_type":"article","og_title":"Pol\u00edtica de Privacidade - always4d","og_description":"Quem somos O endere\u00e7o do nosso site \u00e9: https:\/\/always4d.com.br.A Always4D \u00e9 uma produtora especializada em anima\u00e7\u00f5es 3D para arquitetura, interiores e incorpora\u00e7\u00e3o. Coment\u00e1rios Quando os visitantes deixam coment\u00e1rios no site, coletamos os dados exibidos no formul\u00e1rio de coment\u00e1rios, al\u00e9m do endere\u00e7o IP do visitante e dados do navegador para ajudar na detec\u00e7\u00e3o de spam. Uma [&hellip;]","og_url":"https:\/\/always4d.com.br\/en\/privacy-policy\/","og_site_name":"always4d","article_modified_time":"2025-05-07T14:40:07+00:00","twitter_card":"summary_large_image","twitter_misc":{"Est. reading time":"3 minutes"},"schema":{"@context":"https:\/\/schema.org","@graph":[{"@type":"WebPage","@id":"https:\/\/always4d.com.br\/privacy-policy\/","url":"https:\/\/always4d.com.br\/privacy-policy\/","name":"Pol\u00edtica de Privacidade - always4d","isPartOf":{"@id":"https:\/\/always4d.com.br\/#website"},"datePublished":"2025-05-06T14:57:49+00:00","dateModified":"2025-05-07T14:40:07+00:00","breadcrumb":{"@id":"https:\/\/always4d.com.br\/privacy-policy\/#breadcrumb"},"inLanguage":"en-US","potentialAction":[{"@type":"ReadAction","target":["https:\/\/always4d.com.br\/privacy-policy\/"]}]},{"@type":"BreadcrumbList","@id":"https:\/\/always4d.com.br\/privacy-policy\/#breadcrumb","itemListElement":[{"@type":"ListItem","position":1,"name":"In\u00edcio","item":"https:\/\/always4d.com.br\/"},{"@type":"ListItem","position":2,"name":"Pol\u00edtica de Privacidade"}]},{"@type":"WebSite","@id":"https:\/\/always4d.com.br\/#website","url":"https:\/\/always4d.com.br\/","name":"always4d","description":"","publisher":{"@id":"https:\/\/always4d.com.br\/#organization"},"potentialAction":[{"@type":"SearchAction","target":{"@type":"EntryPoint","urlTemplate":"https:\/\/always4d.com.br\/?s={search_term_string}"},"query-input":{"@type":"PropertyValueSpecification","valueRequired":true,"valueName":"search_term_string"}}],"inLanguage":"en-US"},{"@type":"Organization","@id":"https:\/\/always4d.com.br\/#organization","name":"always4d","url":"https:\/\/always4d.com.br\/","logo":{"@type":"ImageObject","inLanguage":"en-US","@id":"https:\/\/always4d.com.br\/#\/schema\/logo\/image\/","url":"https:\/\/always4d.com.br\/wp-content\/uploads\/2025\/05\/LOGO-ALWAYS4D-HEAD-01.png","contentUrl":"https:\/\/always4d.com.br\/wp-content\/uploads\/2025\/05\/LOGO-ALWAYS4D-HEAD-01.png","width":150,"height":129,"caption":"always4d"},"image":{"@id":"https:\/\/always4d.com.br\/#\/schema\/logo\/image\/"},"sameAs":["https:\/\/www.instagram.com\/always4d.anima\/","https:\/\/www.linkedin.com\/company\/107317896\/admin\/dashboard\/","https:\/\/www.youtube.com\/@always4d"]}]}},"_links":{"self":[{"href":"https:\/\/always4d.com.br\/en\/wp-json\/wp\/v2\/pages\/3","targetHints":{"allow":["GET"]}}],"collection":[{"href":"https:\/\/always4d.com.br\/en\/wp-json\/wp\/v2\/pages"}],"about":[{"href":"https:\/\/always4d.com.br\/en\/wp-json\/wp\/v2\/types\/page"}],"author":[{"embeddable":true,"href":"https:\/\/always4d.com.br\/en\/wp-json\/wp\/v2\/users\/1"}],"replies":[{"embeddable":true,"href":"https:\/\/always4d.com.br\/en\/wp-json\/wp\/v2\/comments?post=3"}],"version-history":[{"count":3,"href":"https:\/\/always4d.com.br\/en\/wp-json\/wp\/v2\/pages\/3\/revisions"}],"predecessor-version":[{"id":142,"href":"https:\/\/always4d.com.br\/en\/wp-json\/wp\/v2\/pages\/3\/revisions\/142"}],"wp:attachment":[{"href":"https:\/\/always4d.com.br\/en\/wp-json\/wp\/v2\/media?parent=3"}],"curies":[{"name":"wp","href":"https:\/\/api.w.org\/{rel}","templated":true}]}}